{"id":52,"date":"2023-05-24T22:47:46","date_gmt":"2023-05-24T22:47:46","guid":{"rendered":"https:\/\/grabatelomx.com\/?page_id=52"},"modified":"2023-05-31T16:58:46","modified_gmt":"2023-05-31T16:58:46","slug":"quienes-somos","status":"publish","type":"page","link":"https:\/\/grabatelomx.com\/index.php\/quienes-somos\/","title":{"rendered":"Quienes somos?"},"content":{"rendered":"<p>En Gr\u00e1batelo, nos apasiona ayudarte a regalar algo verdaderamente especial. Nos enorgullece ofrecerte una amplia selecci\u00f3n de productos \u00fanicos y personalizables que seguramente dejar\u00e1n una impresi\u00f3n duradera en tus seres queridos o en tus clientes.<\/p>\n<p>Gr\u00e1batelo nace de la idea de que los regalos pueden transmitir emociones y expresar afecto de manera \u00fanica. Creemos que cada regalo debe ser especial, \u00fanico y reflejar la personalidad y los gustos individuales de quien lo recibe.<\/p>\n<p><span><strong>Nuestro compromiso<\/strong> es brindarte productos de alta calidad y un servicio excepcional en cada paso del camino. Valoramos la satisfacci\u00f3n de nuestros clientes y nos esforzamos por superar sus expectativas en cada interacci\u00f3n. Nos apasiona la creatividad y la originalidad, y nos encanta trabajar contigo para transformar tus ideas en regalos \u00fanicos y memorables.<\/span><\/p>\n<p><span>Te invitamos a explorar nuestra amplia gama de productos, desde tazas y termos hasta tarros y cajas de madera, todos ellos personalizables seg\u00fan tus preferencias. Perm\u00edtenos ayudarte a crear un regalo \u00fanico que seguramente har\u00e1 sonre\u00edr a esa persona especial.<\/span><\/p>\n<p><span>Descubre la magia de los regalos personalizados con Gr\u00e1batelo. \u00a1Comienza a crear momentos inolvidables hoy mismo!<\/span><\/p>\n","protected":false},"excerpt":{"rendered":"<p>En Gr\u00e1batelo, nos apasiona ayudarte a regalar algo verdaderamente especial. Nos enorgullece ofrecerte una amplia selecci\u00f3n de productos \u00fanicos y personalizables que seguramente dejar\u00e1n una impresi\u00f3n duradera en tus seres queridos o en tus clientes. Gr\u00e1batelo nace de la idea de que los regalos pueden transmitir emociones y expresar afecto [&hellip;]<\/p>\n","protected":false},"author":1,"featured_media":0,"parent":0,"menu_order":1,"comment_status":"closed","ping_status":"closed","template":"","meta":[],"_links":{"self":[{"href":"https:\/\/grabatelomx.com\/index.php\/wp-json\/wp\/v2\/pages\/52"}],"collection":[{"href":"https:\/\/grabatelomx.com\/index.php\/wp-json\/wp\/v2\/pages"}],"about":[{"href":"https:\/\/grabatelomx.com\/index.php\/wp-json\/wp\/v2\/types\/page"}],"author":[{"embeddable":true,"href":"https:\/\/grabatelomx.com\/index.php\/wp-json\/wp\/v2\/users\/1"}],"replies":[{"embeddable":true,"href":"https:\/\/grabatelomx.com\/index.php\/wp-json\/wp\/v2\/comments?post=52"}],"version-history":[{"count":5,"href":"https:\/\/grabatelomx.com\/index.php\/wp-json\/wp\/v2\/pages\/52\/revisions"}],"predecessor-version":[{"id":71,"href":"https:\/\/grabatelomx.com\/index.php\/wp-json\/wp\/v2\/pages\/52\/revisions\/71"}],"wp:attachment":[{"href":"https:\/\/grabatelomx.com\/index.php\/wp-json\/wp\/v2\/media?parent=52"}],"curies":[{"name":"wp","href":"https:\/\/api.w.org\/{rel}","templated":true}]}}