{"id":59,"date":"2023-05-24T23:05:07","date_gmt":"2023-05-24T23:05:07","guid":{"rendered":"https:\/\/grabatelomx.com\/?page_id=59"},"modified":"2023-05-31T01:59:44","modified_gmt":"2023-05-31T01:59:44","slug":"grabatelo-2","status":"publish","type":"page","link":"https:\/\/grabatelomx.com\/","title":{"rendered":"Grabatelo"},"content":{"rendered":"<h1>Marcado L\u00e1ser<\/h1>\n<p>&nbsp;<\/p>\n<p><span>El marcdo l\u00e1ser es un proceso utilizado para imprimir o grabar informaci\u00f3n en diferentes materiales utilizando un rayo l\u00e1ser de alta precisi\u00f3n. Esta tecnolog\u00eda ofrece una serie de beneficios en comparaci\u00f3n con otros m\u00e9todos de marcado tradicionales.<\/span><\/p>\n<p>El marcado l\u00e1ser permite una precisi\u00f3n excepcional en materiales. Puede crear detalles muy finos y complejos, lo que lo convierte en una opci\u00f3n ideal para aplicaciones que requieren una alta calidad y legibilidad.<\/p>\n<p>Durabilidad y resistencia: Los marcados l\u00e1ser son altamente duraderos y resistentes al desgaste, la fricci\u00f3n y otros factores ambientales. El marcado l\u00e1ser penetra en la superficie del material, lo que significa que no se desvanecer\u00e1 ni se eliminar\u00e1 con el tiempo.<\/p>\n<p>El marcado l\u00e1ser es un proceso sin contacto, lo que significa que no hay necesidad de herramientas f\u00edsicas que toquen el material.<\/p>\n<p>&nbsp;<\/p>\n","protected":false},"excerpt":{"rendered":"<p>Marcado L\u00e1ser &nbsp; El marcdo l\u00e1ser es un proceso utilizado para imprimir o grabar informaci\u00f3n en diferentes materiales utilizando un rayo l\u00e1ser de alta precisi\u00f3n. Esta tecnolog\u00eda ofrece una serie de beneficios en comparaci\u00f3n con otros m\u00e9todos de marcado tradicionales. El marcado l\u00e1ser permite una precisi\u00f3n excepcional en materiales. Puede [&hellip;]<\/p>\n","protected":false},"author":1,"featured_media":11,"parent":0,"menu_order":0,"comment_status":"closed","ping_status":"closed","template":"","meta":[],"_links":{"self":[{"href":"https:\/\/grabatelomx.com\/index.php\/wp-json\/wp\/v2\/pages\/59"}],"collection":[{"href":"https:\/\/grabatelomx.com\/index.php\/wp-json\/wp\/v2\/pages"}],"about":[{"href":"https:\/\/grabatelomx.com\/index.php\/wp-json\/wp\/v2\/types\/page"}],"author":[{"embeddable":true,"href":"https:\/\/grabatelomx.com\/index.php\/wp-json\/wp\/v2\/users\/1"}],"replies":[{"embeddable":true,"href":"https:\/\/grabatelomx.com\/index.php\/wp-json\/wp\/v2\/comments?post=59"}],"version-history":[{"count":3,"href":"https:\/\/grabatelomx.com\/index.php\/wp-json\/wp\/v2\/pages\/59\/revisions"}],"predecessor-version":[{"id":68,"href":"https:\/\/grabatelomx.com\/index.php\/wp-json\/wp\/v2\/pages\/59\/revisions\/68"}],"wp:featuredmedia":[{"embeddable":true,"href":"https:\/\/grabatelomx.com\/index.php\/wp-json\/wp\/v2\/media\/11"}],"wp:attachment":[{"href":"https:\/\/grabatelomx.com\/index.php\/wp-json\/wp\/v2\/media?parent=59"}],"curies":[{"name":"wp","href":"https:\/\/api.w.org\/{rel}","templated":true}]}}